{"id":386,"date":"2021-10-14T16:00:06","date_gmt":"2021-10-14T14:00:06","guid":{"rendered":"https:\/\/www.magdalenasdelasheras.com\/aviso-legal\/"},"modified":"2021-10-14T16:00:42","modified_gmt":"2021-10-14T14:00:42","slug":"legal-advise","status":"publish","type":"page","link":"https:\/\/www.magdalenasdelasheras.com\/en\/legal-advise\/","title":{"rendered":"Legal advise"},"content":{"rendered":"<p>En cumplimiento con el deber de informaci\u00f3n recogido en el art\u00edculo 10 de la Ley 34\/2002, de 11 de julio, de Servicios de la Sociedad de la Informaci\u00f3n y de Comercio Electr\u00f3nico, le informamos que la URL <strong>www.magdalenasdelasheras.com<\/strong> (en adelante el PORTAL) es un dominio propiedad de <strong>MAGDALENAS DE LAS HERAS, S.A.<\/strong> (en adelante la ENTIDAD), con CIF A09052903, con domicilio sito en C\/ SEGOVIA, 19-21; 09400 ARANDA DE DUERO (BURGOS), direcci\u00f3n de correo electr\u00f3nico <span id=\"cloakea03a226814a6c0f45c6e35861bff72b\"><a href=\"mailto:protecciondedatos@magdalenasdelasheras.com\">protecciondedatos@magdalenasdelasheras.com<\/a><\/span> y n\u00famero de tel\u00e9fono 947 502 428, e inscrita en el Registro Mercantil de Burgos, Tomo 167, Libro 3\u00ba, Folio 37, Hoja 1525, como <strong>MAGDALENAS DE LAS HERAS, S.A.<\/strong><\/p>\n<p>Todas las marcas, nombres comerciales o signos distintivos de cualquier clase que aparecen en el PORTAL son propiedad de la ENTIDAD o de terceros colaboradores, sin que pueda entenderse que el uso o acceso al sitio y\/o a los servicios atribuya al usuario derecho alguno sobre las citadas marcas, nombres comerciales y\/o signos distintivos. Asimismo, los contenidos publicados en la web, su dise\u00f1o gr\u00e1fico, im\u00e1genes, bases de datos y c\u00f3digo fuente son propiedad intelectual de la ENTIDAD o de terceros colaboradores, sin que puedan entenderse cedidos al usuario, en virtud de lo establecido en este Aviso Legal, ninguno de los derechos de explotaci\u00f3n que existen o puedan existir sobre dichos contenidos m\u00e1s all\u00e1 de lo estrictamente necesario para el correcto uso del PORTAL y de los servicios que se prestan a trav\u00e9s de \u00e9l.<\/p>\n<p>El acceso a este website es responsabilidad exclusiva de los usuarios. El simple acceso al PORTAL no supone entablar ning\u00fan tipo de relaci\u00f3n de car\u00e1cter comercial entre la ENTIDAD y el usuario. Accediendo a \u00e9l acepta las <a href=\"\/condiciones-generales-de-uso\/\">Condiciones Generales de Uso<\/a>.<\/p>\n","protected":false},"excerpt":{"rendered":"<p>En cumplimiento con el deber de informaci\u00f3n recogido en el art\u00edculo 10 de la Ley 34\/2002, de 11 de julio, de Servicios de la Sociedad de la Informaci\u00f3n y de Comercio Electr\u00f3nico, le informamos que la URL www.magdalenasdelasheras.com (en adelante el PORTAL) es un dominio propiedad de MAGDALENAS DE LAS HERAS, S.A. (en adelante la &#8230; <a title=\"Legal advise\" class=\"read-more\" href=\"https:\/\/www.magdalenasdelasheras.com\/en\/legal-advise\/\" aria-label=\"More on Legal advise\">Read more<\/a><\/p>\n","protected":false},"author":1,"featured_media":0,"parent":0,"menu_order":0,"comment_status":"closed","ping_status":"closed","template":"","meta":{"inline_featured_image":false,"footnotes":""},"class_list":["post-386","page","type-page","status-publish"],"yoast_head":"<!-- This site is optimized with the Yoast SEO plugin v27.4 - https:\/\/yoast.com\/product\/yoast-seo-wordpress\/ -->\n<title>Legal advise - Magdalenas de las Heras<\/title>\n<meta name=\"robots\" content=\"index, follow, max-snippet:-1, max-image-preview:large, max-video-preview:-1\" \/>\n<link rel=\"canonical\" href=\"https:\/\/www.magdalenasdelasheras.com\/en\/legal-advise\/\" \/>\n<meta property=\"og:locale\" content=\"en_US\" \/>\n<meta property=\"og:type\" content=\"article\" \/>\n<meta property=\"og:title\" content=\"Legal advise - Magdalenas de las Heras\" \/>\n<meta property=\"og:description\" content=\"En cumplimiento con el deber de informaci\u00f3n recogido en el art\u00edculo 10 de la Ley 34\/2002, de 11 de julio, de Servicios de la Sociedad de la Informaci\u00f3n y de Comercio Electr\u00f3nico, le informamos que la URL www.magdalenasdelasheras.com (en adelante el PORTAL) es un dominio propiedad de MAGDALENAS DE LAS HERAS, S.A. (en adelante la ... Read more\" \/>\n<meta property=\"og:url\" content=\"https:\/\/www.magdalenasdelasheras.com\/en\/legal-advise\/\" \/>\n<meta property=\"og:site_name\" content=\"Magdalenas de las Heras\" \/>\n<meta property=\"article:modified_time\" content=\"2021-10-14T14:00:42+00:00\" \/>\n<meta name=\"twitter:card\" content=\"summary_large_image\" \/>\n<meta name=\"twitter:label1\" content=\"Est. reading time\" \/>\n\t<meta name=\"twitter:data1\" content=\"1 minute\" \/>\n<script type=\"application\/ld+json\" class=\"yoast-schema-graph\">{\"@context\":\"https:\\\/\\\/schema.org\",\"@graph\":[{\"@type\":\"WebPage\",\"@id\":\"https:\\\/\\\/www.magdalenasdelasheras.com\\\/en\\\/legal-advise\\\/\",\"url\":\"https:\\\/\\\/www.magdalenasdelasheras.com\\\/en\\\/legal-advise\\\/\",\"name\":\"Legal advise - Magdalenas de las Heras\",\"isPartOf\":{\"@id\":\"https:\\\/\\\/www.magdalenasdelasheras.com\\\/en\\\/#website\"},\"datePublished\":\"2021-10-14T14:00:06+00:00\",\"dateModified\":\"2021-10-14T14:00:42+00:00\",\"breadcrumb\":{\"@id\":\"https:\\\/\\\/www.magdalenasdelasheras.com\\\/en\\\/legal-advise\\\/#breadcrumb\"},\"inLanguage\":\"en-US\",\"potentialAction\":[{\"@type\":\"ReadAction\",\"target\":[\"https:\\\/\\\/www.magdalenasdelasheras.com\\\/en\\\/legal-advise\\\/\"]}]},{\"@type\":\"BreadcrumbList\",\"@id\":\"https:\\\/\\\/www.magdalenasdelasheras.com\\\/en\\\/legal-advise\\\/#breadcrumb\",\"itemListElement\":[{\"@type\":\"ListItem\",\"position\":1,\"name\":\"Portada\",\"item\":\"https:\\\/\\\/www.magdalenasdelasheras.com\\\/en\\\/\"},{\"@type\":\"ListItem\",\"position\":2,\"name\":\"Legal advise\"}]},{\"@type\":\"WebSite\",\"@id\":\"https:\\\/\\\/www.magdalenasdelasheras.com\\\/en\\\/#website\",\"url\":\"https:\\\/\\\/www.magdalenasdelasheras.com\\\/en\\\/\",\"name\":\"Magdalenas de las Heras\",\"description\":\"Elaboraci\u00f3n tradicional de magdalenas\",\"publisher\":{\"@id\":\"https:\\\/\\\/www.magdalenasdelasheras.com\\\/en\\\/#organization\"},\"potentialAction\":[{\"@type\":\"SearchAction\",\"target\":{\"@type\":\"EntryPoint\",\"urlTemplate\":\"https:\\\/\\\/www.magdalenasdelasheras.com\\\/en\\\/?s={search_term_string}\"},\"query-input\":{\"@type\":\"PropertyValueSpecification\",\"valueRequired\":true,\"valueName\":\"search_term_string\"}}],\"inLanguage\":\"en-US\"},{\"@type\":\"Organization\",\"@id\":\"https:\\\/\\\/www.magdalenasdelasheras.com\\\/en\\\/#organization\",\"name\":\"Magdalenas de las Heras\",\"url\":\"https:\\\/\\\/www.magdalenasdelasheras.com\\\/en\\\/\",\"logo\":{\"@type\":\"ImageObject\",\"inLanguage\":\"en-US\",\"@id\":\"https:\\\/\\\/www.magdalenasdelasheras.com\\\/en\\\/#\\\/schema\\\/logo\\\/image\\\/\",\"url\":\"https:\\\/\\\/www.magdalenasdelasheras.com\\\/wp-content\\\/uploads\\\/2021\\\/08\\\/delasheras.svg\",\"contentUrl\":\"https:\\\/\\\/www.magdalenasdelasheras.com\\\/wp-content\\\/uploads\\\/2021\\\/08\\\/delasheras.svg\",\"caption\":\"Magdalenas de las Heras\"},\"image\":{\"@id\":\"https:\\\/\\\/www.magdalenasdelasheras.com\\\/en\\\/#\\\/schema\\\/logo\\\/image\\\/\"}}]}<\/script>\n<!-- \/ Yoast SEO plugin. -->","yoast_head_json":{"title":"Legal advise - Magdalenas de las Heras","robots":{"index":"index","follow":"follow","max-snippet":"max-snippet:-1","max-image-preview":"max-image-preview:large","max-video-preview":"max-video-preview:-1"},"canonical":"https:\/\/www.magdalenasdelasheras.com\/en\/legal-advise\/","og_locale":"en_US","og_type":"article","og_title":"Legal advise - Magdalenas de las Heras","og_description":"En cumplimiento con el deber de informaci\u00f3n recogido en el art\u00edculo 10 de la Ley 34\/2002, de 11 de julio, de Servicios de la Sociedad de la Informaci\u00f3n y de Comercio Electr\u00f3nico, le informamos que la URL www.magdalenasdelasheras.com (en adelante el PORTAL) es un dominio propiedad de MAGDALENAS DE LAS HERAS, S.A. (en adelante la ... Read more","og_url":"https:\/\/www.magdalenasdelasheras.com\/en\/legal-advise\/","og_site_name":"Magdalenas de las Heras","article_modified_time":"2021-10-14T14:00:42+00:00","twitter_card":"summary_large_image","twitter_misc":{"Est. reading time":"1 minute"},"schema":{"@context":"https:\/\/schema.org","@graph":[{"@type":"WebPage","@id":"https:\/\/www.magdalenasdelasheras.com\/en\/legal-advise\/","url":"https:\/\/www.magdalenasdelasheras.com\/en\/legal-advise\/","name":"Legal advise - Magdalenas de las Heras","isPartOf":{"@id":"https:\/\/www.magdalenasdelasheras.com\/en\/#website"},"datePublished":"2021-10-14T14:00:06+00:00","dateModified":"2021-10-14T14:00:42+00:00","breadcrumb":{"@id":"https:\/\/www.magdalenasdelasheras.com\/en\/legal-advise\/#breadcrumb"},"inLanguage":"en-US","potentialAction":[{"@type":"ReadAction","target":["https:\/\/www.magdalenasdelasheras.com\/en\/legal-advise\/"]}]},{"@type":"BreadcrumbList","@id":"https:\/\/www.magdalenasdelasheras.com\/en\/legal-advise\/#breadcrumb","itemListElement":[{"@type":"ListItem","position":1,"name":"Portada","item":"https:\/\/www.magdalenasdelasheras.com\/en\/"},{"@type":"ListItem","position":2,"name":"Legal advise"}]},{"@type":"WebSite","@id":"https:\/\/www.magdalenasdelasheras.com\/en\/#website","url":"https:\/\/www.magdalenasdelasheras.com\/en\/","name":"Magdalenas de las Heras","description":"Elaboraci\u00f3n tradicional de magdalenas","publisher":{"@id":"https:\/\/www.magdalenasdelasheras.com\/en\/#organization"},"potentialAction":[{"@type":"SearchAction","target":{"@type":"EntryPoint","urlTemplate":"https:\/\/www.magdalenasdelasheras.com\/en\/?s={search_term_string}"},"query-input":{"@type":"PropertyValueSpecification","valueRequired":true,"valueName":"search_term_string"}}],"inLanguage":"en-US"},{"@type":"Organization","@id":"https:\/\/www.magdalenasdelasheras.com\/en\/#organization","name":"Magdalenas de las Heras","url":"https:\/\/www.magdalenasdelasheras.com\/en\/","logo":{"@type":"ImageObject","inLanguage":"en-US","@id":"https:\/\/www.magdalenasdelasheras.com\/en\/#\/schema\/logo\/image\/","url":"https:\/\/www.magdalenasdelasheras.com\/wp-content\/uploads\/2021\/08\/delasheras.svg","contentUrl":"https:\/\/www.magdalenasdelasheras.com\/wp-content\/uploads\/2021\/08\/delasheras.svg","caption":"Magdalenas de las Heras"},"image":{"@id":"https:\/\/www.magdalenasdelasheras.com\/en\/#\/schema\/logo\/image\/"}}]}},"_links":{"self":[{"href":"https:\/\/www.magdalenasdelasheras.com\/en\/wp-json\/wp\/v2\/pages\/386","targetHints":{"allow":["GET"]}}],"collection":[{"href":"https:\/\/www.magdalenasdelasheras.com\/en\/wp-json\/wp\/v2\/pages"}],"about":[{"href":"https:\/\/www.magdalenasdelasheras.com\/en\/wp-json\/wp\/v2\/types\/page"}],"author":[{"embeddable":true,"href":"https:\/\/www.magdalenasdelasheras.com\/en\/wp-json\/wp\/v2\/users\/1"}],"replies":[{"embeddable":true,"href":"https:\/\/www.magdalenasdelasheras.com\/en\/wp-json\/wp\/v2\/comments?post=386"}],"version-history":[{"count":1,"href":"https:\/\/www.magdalenasdelasheras.com\/en\/wp-json\/wp\/v2\/pages\/386\/revisions"}],"predecessor-version":[{"id":387,"href":"https:\/\/www.magdalenasdelasheras.com\/en\/wp-json\/wp\/v2\/pages\/386\/revisions\/387"}],"wp:attachment":[{"href":"https:\/\/www.magdalenasdelasheras.com\/en\/wp-json\/wp\/v2\/media?parent=386"}],"curies":[{"name":"wp","href":"https:\/\/api.w.org\/{rel}","templated":true}]}}