{"id":390,"date":"2021-10-14T08:34:00","date_gmt":"2021-10-14T08:34:00","guid":{"rendered":"https:\/\/www.magdalenasdelasheras.com\/condiciones-generales-de-uso\/"},"modified":"2021-10-14T16:02:06","modified_gmt":"2021-10-14T14:02:06","slug":"general-conditions-of-use","status":"publish","type":"page","link":"https:\/\/www.magdalenasdelasheras.com\/en\/general-conditions-of-use\/","title":{"rendered":"General conditions of use"},"content":{"rendered":"<ol>\n<li><strong><u>IDENTIFICACI\u00d3N DE LAS PARTES<\/u><\/strong><\/li>\n<\/ol>\n<p>Las presentes Condiciones Generales de uso de los servicios ofrecidos en la URL\u00a0<strong>www.magdalenasdelasheras.com<\/strong>\u00a0(en adelante el PORTAL) son suscritas, por el titular del dominio,\u00a0<strong>MAGDALENAS DE LAS HERAS, S.A.<\/strong>\u00a0cuyo correo electr\u00f3nico de contacto es\u00a0<strong><span id=\"cloakc667eeee82d00cf664809779d9750073\"><a href=\"mailto:protecciondedatos@magdalenasdelasheras.com\">protecciondedatos@magdalenasdelasheras.com<\/a><\/span><\/strong>.<\/p>\n<p>Se considera USUARIO, a las personas f\u00edsicas con capacidad para suscribir v\u00e1lidamente un contrato de acuerdo con la ley aplicable.<\/p>\n<p>Ud. no podr\u00e1 utilizar el sitio web y no podr\u00e1 aceptar las Condiciones si:<\/p>\n<ul>\n<li>No es mayor de edad y no puede formalizar un contrato vinculante conforme a derecho, o<\/li>\n<li>No reviste la calidad de USUARIO seg\u00fan lo expuesto.<\/li>\n<\/ul>\n<ol start=\"2\">\n<li><strong><u>PERFECCIONAMIENTO DEL ACUERDO<\/u><\/strong><\/li>\n<\/ol>\n<p>Para utilizar el PORTAL, deben aceptarse las presentes condiciones generales (en adelante, las Condiciones), as\u00ed como aquellas estipulaciones particulares recogidas para la utilizaci\u00f3n y\/o contrataci\u00f3n de servicios concretos. En caso contrario, deber\u00e1 abandonarse el PORTAL.<\/p>\n<p>Ud. podr\u00e1 aceptar las Condiciones:<\/p>\n<ul>\n<li>Haciendo clic en el bot\u00f3n de aceptaci\u00f3n de las Condiciones, cuando se le ofrezca esta opci\u00f3n en la interfaz de usuario; o<\/li>\n<li>Utilizando de forma efectiva el sitio web. Ud. reconoce y acepta que, la utilizaci\u00f3n del PORTAL se considerar\u00e1 como una aceptaci\u00f3n de las Condiciones.<\/li>\n<\/ul>\n<p>Se aconseja al USUARIO leer con detenimiento las presentes condiciones. Podr\u00e1 guardarlas o imprimirlas si as\u00ed lo desea.<\/p>\n<ol start=\"3\">\n<li><strong><u>\u00c1MBITO DE APLICACI\u00d3N<\/u><\/strong><\/li>\n<\/ol>\n<p>Las presentes condiciones generales ser\u00e1n de aplicaci\u00f3n a todos los servicios\/productos recogidos en la web\u00a0<strong>www.magdalenasdelasheras.com<\/strong><\/p>\n<p>Los siguientes documentos se entienden incorporados a las presentes Condiciones por remisi\u00f3n desde las mismas:<\/p>\n<ul>\n<li>Aviso Legal<\/li>\n<li>Pol\u00edtica de Privacidad<\/li>\n<\/ul>\n<ol start=\"4\">\n<li><strong><u>USUARIOS Y SERVICIOS OFRECIDOS<\/u><\/strong><\/li>\n<\/ol>\n<p>El PORTAL presenta servicios abiertos a la totalidad del p\u00fablico que lo visita.<\/p>\n<p>El uso de los servicios ofrecidos en el website queda sujeto a la previa aceptaci\u00f3n y cumplimiento de las Condiciones por el USUARIO.<\/p>\n<p>El uso de los servicios ofrecidos en el sitio es gratuito salvo que se exprese lo contrario de forma expresa.<\/p>\n<ol start=\"5\">\n<li><strong><u>POL\u00cdTICA DE PRIVACIDAD<\/u><\/strong><\/li>\n<\/ol>\n<p>Los datos personales facilitados a trav\u00e9s del PORTAL ser\u00e1n tratados por\u00a0<strong>www.magdalenasdelasheras.com<\/strong>\u00a0para las finalidades descritas en las condiciones recogidas en la Pol\u00edtica de Privacidad, que queda incorporada a las presentes Condiciones de Uso por remisi\u00f3n desde este apartado.<\/p>\n<ol start=\"6\">\n<li><strong><u>PRECIO DE LOS PRODUCTOS OFRECIDOS E IMPUESTOS<\/u><\/strong><\/li>\n<\/ol>\n<p>Los servicios ofrecidos en el portal son de acceso gratuito salvo que se exprese lo contrario. Para los precios mostrados en su caso, se detalla en las \u201cCondiciones Particulares de Contrataci\u00f3n\u201d si incluyen o no IVA, el proceso completo de pago y las condiciones completas de contrataci\u00f3n de productos o servicios.<\/p>\n<ol start=\"7\">\n<li><strong><u>CANCELACI\u00d3N DE LOS SERVICIOS<\/u><\/strong><\/li>\n<\/ol>\n<p>Los servicios prestados por el portal para la generalidad de los usuarios son gratuitos y meramente informativos, por lo que no requieren acci\u00f3n alguna para su cese, tan s\u00f3lo la mera voluntad del usuario de no visitar el PORTAL.<\/p>\n<ol start=\"8\">\n<li><strong><u>RESPONSABILIDADES<\/u><\/strong><\/li>\n<\/ol>\n<p><strong><u>Del portal<\/u>:<\/strong><\/p>\n<p>No se har\u00e1 responsable, directa ni subsidiariamente de:<\/p>\n<ul>\n<li>La calidad del servicio, pues se prestan \u201ctal cual\u201d y la ENTIDAD no otorga ninguna garant\u00eda con respecto a los mismos.<\/li>\n<li>Los da\u00f1os que puedan causarse en los equipos del usuario por la utilizaci\u00f3n del portal.<\/li>\n<li>Los vicios y defectos de toda clase de los contenidos transmitidos, difundidos, almacenados o puestos a disposici\u00f3n.<\/li>\n<\/ul>\n<p>La ENTIDAD se hace responsable de los cambios en los precios de los productos\/servicios que ofrezca y de notificar a los usuarios\/clientes en el plazo m\u00e1s breve posible por comunicaci\u00f3n personal o a trav\u00e9s de la actualizaci\u00f3n de los contenidos en el PORTAL.<\/p>\n<p><strong><u>Del usuario:<\/u><\/strong><\/p>\n<p>El usuario\/cliente ser\u00e1 responsable:<\/p>\n<ul>\n<li>De los datos e informaciones introducidos y enviados a la ENTIDAD en los formularios disponibles.<\/li>\n<li>De la realizaci\u00f3n de cualquier tipo de actuaci\u00f3n il\u00edcita, lesiva de derechos, nociva y\/o perjudicial.<\/li>\n<\/ul>\n<ol start=\"9\">\n<li><strong><u>PROPIEDAD INTELECTUAL E INDUSTRIAL<\/u><\/strong><\/li>\n<\/ol>\n<p>La totalidad de esta web: texto, im\u00e1genes, marcas, gr\u00e1ficos, logotipos, botones, archivos de software, combinaciones de colores, estructura, selecci\u00f3n, ordenaci\u00f3n y presentaci\u00f3n de sus contenidos, c\u00f3digos objeto y fuente; son propiedad de la ENTIDAD o de terceros, quedando prohibida su reproducci\u00f3n, distribuci\u00f3n, comunicaci\u00f3n p\u00fablica y transformaci\u00f3n, salvo para uso personal y privado, debiendo el USUARIO respetar lo estipulado en el Aviso Legal que consta en el PORTAL, y que queda incorporado a las presentes Condiciones por remisi\u00f3n desde este apartado.<\/p>\n<ol start=\"10\">\n<li><u><\/u><strong><u>MENORES DE EDAD<\/u><\/strong><\/li>\n<\/ol>\n<p>Los menores de edad\u00a0 deben solicitar y obtener el permiso de sus padres, tutor o representante legal antes de poder acceder a los contenidos alojados en el PORTAL. Queda prohibido el acceso y uso del portal a los menores de edad no autorizados.<\/p>\n<p>La ENTIDAD recuerda a los usuarios mayores de edad que tengan a su cargo menores, que ser\u00e1 de su exclusiva responsabilidad determinar qu\u00e9 servicios y\/o contenidos son apropiados para estos \u00faltimos; y les informa sobre la existencia de programas inform\u00e1ticos para acotar la navegaci\u00f3n, mediante el filtro o bloqueo a determinados contenidos.<\/p>\n<ol start=\"11\">\n<li><u><\/u><strong><u>FUERO<\/u><\/strong><\/li>\n<\/ol>\n<p>Las presentes condiciones est\u00e1n redactadas en espa\u00f1ol, y se encuentran sometidas a la legislaci\u00f3n espa\u00f1ola vigente. Para cualquier tipo de controversia derivada de la utilizaci\u00f3n de los servicios ofrecidos o de los contenidos propios del portal las partes, con la aceptaci\u00f3n de \u00e9stas Condiciones, se someter\u00e1n a los Tribunales y Juzgados competentes de la localidad donde\u00a0<strong>MAGDALENAS DE LAS HERAS, S.A.<\/strong>\u00a0tiene su sede social.<\/p>\n<ol start=\"12\">\n<li><u><\/u><strong><u>CONDICIONES ADICIONALES<\/u><\/strong><\/li>\n<\/ol>\n<p>Si alguna disposici\u00f3n de estas Condiciones se considera inv\u00e1lida o inejecutable, dicha disposici\u00f3n ser\u00e1 eliminada quedando en vigor el resto del clausulado. Los t\u00edtulos de los apartados deben entenderse a los solos efectos de referencias, y de ning\u00fan modo definen, limitan, interpretan o describen el \u00e1mbito o extensi\u00f3n del apartado correspondiente.<\/p>\n","protected":false},"excerpt":{"rendered":"<p>IDENTIFICACI\u00d3N DE LAS PARTES Las presentes Condiciones Generales de uso de los servicios ofrecidos en la URL\u00a0www.magdalenasdelasheras.com\u00a0(en adelante el PORTAL) son suscritas, por el titular del dominio,\u00a0MAGDALENAS DE LAS HERAS, S.A.\u00a0cuyo correo electr\u00f3nico de contacto es\u00a0protecciondedatos@magdalenasdelasheras.com. Se considera USUARIO, a las personas f\u00edsicas con capacidad para suscribir v\u00e1lidamente un contrato de acuerdo con la ley &#8230; <a title=\"General conditions of use\" class=\"read-more\" href=\"https:\/\/www.magdalenasdelasheras.com\/en\/general-conditions-of-use\/\" aria-label=\"More on General conditions of use\">Read more<\/a><\/p>\n","protected":false},"author":1,"featured_media":0,"parent":0,"menu_order":0,"comment_status":"closed","ping_status":"closed","template":"","meta":{"inline_featured_image":false,"footnotes":""},"class_list":["post-390","page","type-page","status-publish"],"yoast_head":"<!-- This site is optimized with the Yoast SEO plugin v27.4 - https:\/\/yoast.com\/product\/yoast-seo-wordpress\/ -->\n<title>General conditions of use - Magdalenas de las Heras<\/title>\n<meta name=\"robots\" content=\"index, follow, max-snippet:-1, max-image-preview:large, max-video-preview:-1\" \/>\n<link rel=\"canonical\" href=\"https:\/\/www.magdalenasdelasheras.com\/en\/general-conditions-of-use\/\" \/>\n<meta property=\"og:locale\" content=\"en_US\" \/>\n<meta property=\"og:type\" content=\"article\" \/>\n<meta property=\"og:title\" content=\"General conditions of use - Magdalenas de las Heras\" \/>\n<meta property=\"og:description\" content=\"IDENTIFICACI\u00d3N DE LAS PARTES Las presentes Condiciones Generales de uso de los servicios ofrecidos en la URL\u00a0www.magdalenasdelasheras.com\u00a0(en adelante el PORTAL) son suscritas, por el titular del dominio,\u00a0MAGDALENAS DE LAS HERAS, S.A.\u00a0cuyo correo electr\u00f3nico de contacto es\u00a0protecciondedatos@magdalenasdelasheras.com. Se considera USUARIO, a las personas f\u00edsicas con capacidad para suscribir v\u00e1lidamente un contrato de acuerdo con la ley ... Read more\" \/>\n<meta property=\"og:url\" content=\"https:\/\/www.magdalenasdelasheras.com\/en\/general-conditions-of-use\/\" \/>\n<meta property=\"og:site_name\" content=\"Magdalenas de las Heras\" \/>\n<meta property=\"article:modified_time\" content=\"2021-10-14T14:02:06+00:00\" \/>\n<meta name=\"twitter:card\" content=\"summary_large_image\" \/>\n<meta name=\"twitter:label1\" content=\"Est. reading time\" \/>\n\t<meta name=\"twitter:data1\" content=\"5 minutes\" \/>\n<script type=\"application\/ld+json\" class=\"yoast-schema-graph\">{\"@context\":\"https:\\\/\\\/schema.org\",\"@graph\":[{\"@type\":\"WebPage\",\"@id\":\"https:\\\/\\\/www.magdalenasdelasheras.com\\\/en\\\/general-conditions-of-use\\\/\",\"url\":\"https:\\\/\\\/www.magdalenasdelasheras.com\\\/en\\\/general-conditions-of-use\\\/\",\"name\":\"General conditions of use - Magdalenas de las Heras\",\"isPartOf\":{\"@id\":\"https:\\\/\\\/www.magdalenasdelasheras.com\\\/en\\\/#website\"},\"datePublished\":\"2021-10-14T08:34:00+00:00\",\"dateModified\":\"2021-10-14T14:02:06+00:00\",\"breadcrumb\":{\"@id\":\"https:\\\/\\\/www.magdalenasdelasheras.com\\\/en\\\/general-conditions-of-use\\\/#breadcrumb\"},\"inLanguage\":\"en-US\",\"potentialAction\":[{\"@type\":\"ReadAction\",\"target\":[\"https:\\\/\\\/www.magdalenasdelasheras.com\\\/en\\\/general-conditions-of-use\\\/\"]}]},{\"@type\":\"BreadcrumbList\",\"@id\":\"https:\\\/\\\/www.magdalenasdelasheras.com\\\/en\\\/general-conditions-of-use\\\/#breadcrumb\",\"itemListElement\":[{\"@type\":\"ListItem\",\"position\":1,\"name\":\"Portada\",\"item\":\"https:\\\/\\\/www.magdalenasdelasheras.com\\\/en\\\/\"},{\"@type\":\"ListItem\",\"position\":2,\"name\":\"General conditions of use\"}]},{\"@type\":\"WebSite\",\"@id\":\"https:\\\/\\\/www.magdalenasdelasheras.com\\\/en\\\/#website\",\"url\":\"https:\\\/\\\/www.magdalenasdelasheras.com\\\/en\\\/\",\"name\":\"Magdalenas de las Heras\",\"description\":\"Elaboraci\u00f3n tradicional de magdalenas\",\"publisher\":{\"@id\":\"https:\\\/\\\/www.magdalenasdelasheras.com\\\/en\\\/#organization\"},\"potentialAction\":[{\"@type\":\"SearchAction\",\"target\":{\"@type\":\"EntryPoint\",\"urlTemplate\":\"https:\\\/\\\/www.magdalenasdelasheras.com\\\/en\\\/?s={search_term_string}\"},\"query-input\":{\"@type\":\"PropertyValueSpecification\",\"valueRequired\":true,\"valueName\":\"search_term_string\"}}],\"inLanguage\":\"en-US\"},{\"@type\":\"Organization\",\"@id\":\"https:\\\/\\\/www.magdalenasdelasheras.com\\\/en\\\/#organization\",\"name\":\"Magdalenas de las Heras\",\"url\":\"https:\\\/\\\/www.magdalenasdelasheras.com\\\/en\\\/\",\"logo\":{\"@type\":\"ImageObject\",\"inLanguage\":\"en-US\",\"@id\":\"https:\\\/\\\/www.magdalenasdelasheras.com\\\/en\\\/#\\\/schema\\\/logo\\\/image\\\/\",\"url\":\"https:\\\/\\\/www.magdalenasdelasheras.com\\\/wp-content\\\/uploads\\\/2021\\\/08\\\/delasheras.svg\",\"contentUrl\":\"https:\\\/\\\/www.magdalenasdelasheras.com\\\/wp-content\\\/uploads\\\/2021\\\/08\\\/delasheras.svg\",\"caption\":\"Magdalenas de las Heras\"},\"image\":{\"@id\":\"https:\\\/\\\/www.magdalenasdelasheras.com\\\/en\\\/#\\\/schema\\\/logo\\\/image\\\/\"}}]}<\/script>\n<!-- \/ Yoast SEO plugin. -->","yoast_head_json":{"title":"General conditions of use - Magdalenas de las Heras","robots":{"index":"index","follow":"follow","max-snippet":"max-snippet:-1","max-image-preview":"max-image-preview:large","max-video-preview":"max-video-preview:-1"},"canonical":"https:\/\/www.magdalenasdelasheras.com\/en\/general-conditions-of-use\/","og_locale":"en_US","og_type":"article","og_title":"General conditions of use - Magdalenas de las Heras","og_description":"IDENTIFICACI\u00d3N DE LAS PARTES Las presentes Condiciones Generales de uso de los servicios ofrecidos en la URL\u00a0www.magdalenasdelasheras.com\u00a0(en adelante el PORTAL) son suscritas, por el titular del dominio,\u00a0MAGDALENAS DE LAS HERAS, S.A.\u00a0cuyo correo electr\u00f3nico de contacto es\u00a0protecciondedatos@magdalenasdelasheras.com. Se considera USUARIO, a las personas f\u00edsicas con capacidad para suscribir v\u00e1lidamente un contrato de acuerdo con la ley ... Read more","og_url":"https:\/\/www.magdalenasdelasheras.com\/en\/general-conditions-of-use\/","og_site_name":"Magdalenas de las Heras","article_modified_time":"2021-10-14T14:02:06+00:00","twitter_card":"summary_large_image","twitter_misc":{"Est. reading time":"5 minutes"},"schema":{"@context":"https:\/\/schema.org","@graph":[{"@type":"WebPage","@id":"https:\/\/www.magdalenasdelasheras.com\/en\/general-conditions-of-use\/","url":"https:\/\/www.magdalenasdelasheras.com\/en\/general-conditions-of-use\/","name":"General conditions of use - Magdalenas de las Heras","isPartOf":{"@id":"https:\/\/www.magdalenasdelasheras.com\/en\/#website"},"datePublished":"2021-10-14T08:34:00+00:00","dateModified":"2021-10-14T14:02:06+00:00","breadcrumb":{"@id":"https:\/\/www.magdalenasdelasheras.com\/en\/general-conditions-of-use\/#breadcrumb"},"inLanguage":"en-US","potentialAction":[{"@type":"ReadAction","target":["https:\/\/www.magdalenasdelasheras.com\/en\/general-conditions-of-use\/"]}]},{"@type":"BreadcrumbList","@id":"https:\/\/www.magdalenasdelasheras.com\/en\/general-conditions-of-use\/#breadcrumb","itemListElement":[{"@type":"ListItem","position":1,"name":"Portada","item":"https:\/\/www.magdalenasdelasheras.com\/en\/"},{"@type":"ListItem","position":2,"name":"General conditions of use"}]},{"@type":"WebSite","@id":"https:\/\/www.magdalenasdelasheras.com\/en\/#website","url":"https:\/\/www.magdalenasdelasheras.com\/en\/","name":"Magdalenas de las Heras","description":"Elaboraci\u00f3n tradicional de magdalenas","publisher":{"@id":"https:\/\/www.magdalenasdelasheras.com\/en\/#organization"},"potentialAction":[{"@type":"SearchAction","target":{"@type":"EntryPoint","urlTemplate":"https:\/\/www.magdalenasdelasheras.com\/en\/?s={search_term_string}"},"query-input":{"@type":"PropertyValueSpecification","valueRequired":true,"valueName":"search_term_string"}}],"inLanguage":"en-US"},{"@type":"Organization","@id":"https:\/\/www.magdalenasdelasheras.com\/en\/#organization","name":"Magdalenas de las Heras","url":"https:\/\/www.magdalenasdelasheras.com\/en\/","logo":{"@type":"ImageObject","inLanguage":"en-US","@id":"https:\/\/www.magdalenasdelasheras.com\/en\/#\/schema\/logo\/image\/","url":"https:\/\/www.magdalenasdelasheras.com\/wp-content\/uploads\/2021\/08\/delasheras.svg","contentUrl":"https:\/\/www.magdalenasdelasheras.com\/wp-content\/uploads\/2021\/08\/delasheras.svg","caption":"Magdalenas de las Heras"},"image":{"@id":"https:\/\/www.magdalenasdelasheras.com\/en\/#\/schema\/logo\/image\/"}}]}},"_links":{"self":[{"href":"https:\/\/www.magdalenasdelasheras.com\/en\/wp-json\/wp\/v2\/pages\/390","targetHints":{"allow":["GET"]}}],"collection":[{"href":"https:\/\/www.magdalenasdelasheras.com\/en\/wp-json\/wp\/v2\/pages"}],"about":[{"href":"https:\/\/www.magdalenasdelasheras.com\/en\/wp-json\/wp\/v2\/types\/page"}],"author":[{"embeddable":true,"href":"https:\/\/www.magdalenasdelasheras.com\/en\/wp-json\/wp\/v2\/users\/1"}],"replies":[{"embeddable":true,"href":"https:\/\/www.magdalenasdelasheras.com\/en\/wp-json\/wp\/v2\/comments?post=390"}],"version-history":[{"count":1,"href":"https:\/\/www.magdalenasdelasheras.com\/en\/wp-json\/wp\/v2\/pages\/390\/revisions"}],"predecessor-version":[{"id":391,"href":"https:\/\/www.magdalenasdelasheras.com\/en\/wp-json\/wp\/v2\/pages\/390\/revisions\/391"}],"wp:attachment":[{"href":"https:\/\/www.magdalenasdelasheras.com\/en\/wp-json\/wp\/v2\/media?parent=390"}],"curies":[{"name":"wp","href":"https:\/\/api.w.org\/{rel}","templated":true}]}}