{"id":551,"date":"2021-10-14T11:01:15","date_gmt":"2021-10-14T09:01:15","guid":{"rendered":"https:\/\/www.magdalenasdelasheras.com\/politica-de-cookies\/"},"modified":"2021-11-12T16:33:59","modified_gmt":"2021-11-12T14:33:59","slug":"politica-de-cookies","status":"publish","type":"page","link":"https:\/\/www.magdalenasdelasheras.com\/en\/politica-de-cookies\/","title":{"rendered":"Cookies Policy"},"content":{"rendered":"<p>Debido a la entrada en vigor de la referente modificaci\u00f3n de la \u00abLey de Servicios de la Sociedad de la Informaci\u00f3n\u00bb (LSSICE) establecida por el Real Decreto 13\/2012, es de obligaci\u00f3n obtener el consentimiento expreso del usuario de todas las p\u00e1ginas web que usan cookies prescindibles, antes de que este navegue por ellas.<\/p>\n<h2>\u00bfQU\u00c9 SON LAS COOKIES?<\/h2>\n<p>Las cookies y otras tecnolog\u00edas similares tales como local shared objects, flash cookies o p\u00edxeles, son herramientas empleadas por los servidores Web para almacenar y recuperar informaci\u00f3n acerca de sus visitantes, as\u00ed como para ofrecer un correcto funcionamiento del sitio.<\/p>\n<p>Mediante el uso de estos dispositivos se permite al servidor Web recordar algunos datos concernientes al usuario, como sus preferencias para la visualizaci\u00f3n de las p\u00e1ginas de ese servidor, nombre y contrase\u00f1a, productos que m\u00e1s le interesan, etc.<\/p>\n<h2>COOKIES AFECTADAS POR LA NORMATIVA Y COOKIES EXCEPTUADAS<\/h2>\n<p>Seg\u00fan la directiva de la UE, las cookies que requieren el consentimiento informado por parte del usuario son las cookies de anal\u00edtica y las de publicidad y afiliaci\u00f3n, quedando exceptuadas las de car\u00e1cter t\u00e9cnico y las necesarias para el funcionamiento del sitio web o la prestaci\u00f3n de servicios expresamente solicitados por el usuario.<\/p>\n<h2>TIPOS DE COOKIES<\/h2>\n<p><strong>SEG\u00daN LA FINALIDAD<\/strong><\/p>\n<ul>\n<li>Cookies t\u00e9cnicas y funcionales: son aquellas que permiten al usuario la navegaci\u00f3n a trav\u00e9s de una p\u00e1gina web, plataforma o aplicaci\u00f3n y la utilizaci\u00f3n de las diferentes opciones o servicios que en ella existan.<\/li>\n<li>Cookies anal\u00edticas: son aquellas que permiten al responsable de las mismas el seguimiento y an\u00e1lisis del comportamiento de los usuarios de los sitios web a los que est\u00e1n vinculadas. La informaci\u00f3n recogida mediante este tipo de cookies se utiliza en la medici\u00f3n de la actividad de los sitios web, aplicaci\u00f3n o plataforma y para la elaboraci\u00f3n de perfiles de navegaci\u00f3n de los usuarios de dichos sitios, aplicaciones y plataformas, con el fin de<br \/>\nintroducir mejoras en funci\u00f3n del an\u00e1lisis de los datos de uso que hacen los usuarios del servicio.<\/li>\n<li>Cookies publicitarias: son aquellas que permiten la gesti\u00f3n, de la forma m\u00e1s eficaz posible, de los espacios publicitarios que, en su caso, el editor haya incluido en una p\u00e1gina web, aplicaci\u00f3n o plataforma desde la que presta el servicio solicitado en base a criterios como el contenido editado o la frecuencia en la que se muestran los anuncios.<\/li>\n<li>Cookies de publicidad comportamental: recogen informaci\u00f3n sobre las preferencias y elecciones personales del usuario (retargeting) para permitir la gesti\u00f3n, de la forma m\u00e1s eficaz posible, de los espacios publicitarios que, en su caso, el editor haya incluido en una p\u00e1gina web, aplicaci\u00f3n o plataforma desde la que presta el servicio solicitado.<\/li>\n<li>Cookies sociales: son establecidas por las plataformas de redes sociales en los servicios para permitirle compartir contenido con sus amigos y redes. Las plataformas de medios sociales tienen la capacidad de rastrear su actividad en l\u00ednea fuera de los Servicios. Esto puede afectar al contenido y los mensajes que ve en otros servicios que visita.<\/li>\n<li>Cookies de afiliados: permiten hacer un seguimiento de las visitas procedentes de otras webs, con las que el sitio web establece un contrato de afiliaci\u00f3n (empresas de afiliaci\u00f3n).<\/li>\n<li>Cookies de seguridad: almacenan informaci\u00f3n cifrada para evitar que los datos guardados en ellas sean vulnerables a ataques maliciosos de terceros.<\/li>\n<\/ul>\n<p><strong>SEG\u00daN LA PROPIEDAD<\/strong><\/p>\n<ul>\n<li>Cookies propias: son aquellas que se env\u00edan al equipo terminal del usuario desde un equipo o dominio gestionado por el propio editor y desde el que se presta el servicio solicitado por el usuario.<\/li>\n<li>Cookies de terceros: son aquellas que se env\u00edan al equipo terminal del usuario desde un equipo o dominio que no es gestionado por el editor, sino por otra entidad que trata los datos obtenidos trav\u00e9s de las cookies.<\/li>\n<\/ul>\n<p><strong>SEG\u00daN EL PLAZO DE CONSERVACI\u00d3N<\/strong><\/p>\n<ul>\n<li>Cookies de sesi\u00f3n: son un tipo de cookies dise\u00f1adas para recabar y almacenar datos mientras el usuario accede a una p\u00e1gina web.<\/li>\n<li>Cookies persistentes: son un tipo de cookies en el que los datos siguen almacenados en el terminal y pueden ser accedidos y tratados durante un per\u00edodo definido por el responsable de la cookie , y que puede ir de unos minutos a varios a\u00f1os.<\/li>\n<\/ul>\n<h2>COOKIES UTILIZADAS EN ESTE SITIO WEB<\/h2>\n<p>COOKIES CONTROLADAS POR EL EDITOR<\/p>\n<p>&nbsp;<\/p>\n<table border=\"1\">\n<tbody>\n<tr>\n<td><strong>Dominio<\/strong><\/td>\n<td><strong>Nombre<\/strong><\/td>\n<td><strong>Finalidad<\/strong><\/td>\n<td><strong>Caducidad<\/strong><\/td>\n<\/tr>\n<tr>\n<td>magdalenasdelasheras.com<\/td>\n<td>_ga<\/td>\n<td>Recoger estad\u00edsticas de navegaci\u00f3n<\/td>\n<td>2 a\u00f1os<\/td>\n<\/tr>\n<tr>\n<td>magdalenasdelasheras.com<\/td>\n<td>_gat<\/td>\n<td>Recoger estad\u00edsticas de navegaci\u00f3n<\/td>\n<td>1 minuto<\/td>\n<\/tr>\n<tr>\n<td>magdalenasdelasheras.com<\/td>\n<td>_gid<\/td>\n<td>Recoger estad\u00edsticas de navegaci\u00f3n<\/td>\n<td>1 d\u00eda<\/td>\n<\/tr>\n<tr>\n<td>www.magdalenasdelasheras.com<\/td>\n<td>cookielawinfo-checkbox-necessary<\/td>\n<td>Configuraci\u00f3n de las cookies necesarias<\/td>\n<td>24 h<\/td>\n<\/tr>\n<tr>\n<td>www.magdalenasdelasheras.com<\/td>\n<td>cookielawinfo-checkbox-non-necessary<\/td>\n<td>Configuraci\u00f3n de las cookies no necesarias<\/td>\n<td>24 h<\/td>\n<\/tr>\n<tr>\n<td>www.magdalenasdelasheras.com<\/td>\n<td>viewed_cookie_policy<\/td>\n<td>Sirve para mantener las opciones guardadas respecto a las cookies<\/td>\n<td>1 a\u00f1o<\/td>\n<\/tr>\n<\/tbody>\n<\/table>\n<h2><\/h2>\n<p>Desde este panel podr\u00e1 configurar las cookies que el sitio web puede instalar en su navegador, excepto las cookies t\u00e9cnicas o funcionales que son necesarias para la navegaci\u00f3n y la utilizaci\u00f3n de las diferentes opciones o servicios que se ofrecen.<\/p>\n<p><a class=\"medium cli-plugin-button cli-plugin-main-button cli_settings_button\" style=\"margin: 5px 20px; color: #ffffff; background-color: #000000;\" tabindex=\"0\" role=\"button\">Acceso al panel ajustes de las cookies<\/a><\/p>\n<h2>C\u00d3MO GESTIONAR LAS COOKIES DESDE EL NAVEGADOR<\/h2>\n<p><strong>Eliminar las cookies del dispositivo<\/strong><\/p>\n<p>Las cookies que ya est\u00e1n en un dispositivo se pueden eliminar borrando el historial del navegador, con lo que se suprimen las cookies de todos los sitios web visitados.<br \/>\nSin embargo, tambi\u00e9n se puede perder parte de la informaci\u00f3n guardada (por ejemplo,\u00a0los datos de inicio de sesi\u00f3n o las preferencias de sitio web).<\/p>\n<p><strong>Gestionar las cookies espec\u00edficas del sitio<\/strong><\/p>\n<p>Para tener un control m\u00e1s preciso de las cookies espec\u00edficas de cada sitio, los usuarios pueden ajustar su configuraci\u00f3n de privacidad y cookies en el navegador.<\/p>\n<p><strong>Bloquear las cookies<\/strong><\/p>\n<p>Aunque la mayor\u00eda de los navegadores modernos se pueden configurar para evitar que se instalen cookies en los dispositivos, eso puede obligar al ajuste manual de determinadas preferencias cada vez que se visite un sitio o p\u00e1gina. Adem\u00e1s, algunos servicios y caracter\u00edsticas pueden no funcionar correctamente (por ejemplo, los inicios de sesi\u00f3n con perfil).<\/p>\n<p><strong>C\u00d3MO ELIMINAR LAS COOKIES DE LOS NAVEGADORES M\u00c1S COMUNES<\/strong><\/p>\n<p>Chrome <a href=\"http:\/\/support.google.com\/chrome\/answer\/95647?hl=es\">http:\/\/support.google.com\/chrome\/answer\/95647?hl=es<\/a><br \/>\nInternet Explorer. Versi\u00f3n 11 <a href=\"https:\/\/support.microsoft.com\/es-es\/help\/278835\/how-to-delete-cookie-files-in-internet-explorer\">https:\/\/support.microsoft.com\/es-es\/help\/278835\/how-to-delete-cookie-files-in-internet-explorer<\/a><br \/>\nFirefox. Versi\u00f3n 65.0.1 <a href=\"https:\/\/www.mozilla.org\/es-ES\/privacy\/websites\/#cookies\">https:\/\/www.mozilla.org\/es-ES\/privacy\/websites\/#cookies<\/a><br \/>\nSafari Versi\u00f3n 5.1 <a href=\"https:\/\/support.apple.com\/es-es\/guide\/safari\/sfri11471\/mac\">https:\/\/support.apple.com\/es-es\/guide\/safari\/sfri11471\/mac<\/a><br \/>\nOpera <a href=\"https:\/\/help.opera.com\/en\/latest\/security-and-privacy\/#clearBrowsingData\">https:\/\/help.opera.com\/en\/latest\/security-and-privacy\/#clearBrowsingData<\/a><\/p>\n","protected":false},"excerpt":{"rendered":"<p>Debido a la entrada en vigor de la referente modificaci\u00f3n de la \u00abLey de Servicios de la Sociedad de la Informaci\u00f3n\u00bb (LSSICE) establecida por el Real Decreto 13\/2012, es de obligaci\u00f3n obtener el consentimiento expreso del usuario de todas las p\u00e1ginas web que usan cookies prescindibles, antes de que este navegue por ellas. \u00bfQU\u00c9 SON &#8230; <a title=\"Cookies Policy\" class=\"read-more\" href=\"https:\/\/www.magdalenasdelasheras.com\/en\/politica-de-cookies\/\" aria-label=\"More on Cookies Policy\">Read more<\/a><\/p>\n","protected":false},"author":1,"featured_media":0,"parent":0,"menu_order":0,"comment_status":"closed","ping_status":"closed","template":"","meta":{"inline_featured_image":false,"footnotes":""},"class_list":["post-551","page","type-page","status-publish"],"yoast_head":"<!-- This site is optimized with the Yoast SEO plugin v27.4 - https:\/\/yoast.com\/product\/yoast-seo-wordpress\/ -->\n<title>Cookies Policy - Magdalenas de las Heras<\/title>\n<meta name=\"robots\" content=\"index, follow, max-snippet:-1, max-image-preview:large, max-video-preview:-1\" \/>\n<link rel=\"canonical\" href=\"https:\/\/www.magdalenasdelasheras.com\/en\/politica-de-cookies\/\" \/>\n<meta property=\"og:locale\" content=\"en_US\" \/>\n<meta property=\"og:type\" content=\"article\" \/>\n<meta property=\"og:title\" content=\"Cookies Policy - Magdalenas de las Heras\" \/>\n<meta property=\"og:description\" content=\"Debido a la entrada en vigor de la referente modificaci\u00f3n de la \u00abLey de Servicios de la Sociedad de la Informaci\u00f3n\u00bb (LSSICE) establecida por el Real Decreto 13\/2012, es de obligaci\u00f3n obtener el consentimiento expreso del usuario de todas las p\u00e1ginas web que usan cookies prescindibles, antes de que este navegue por ellas. \u00bfQU\u00c9 SON ... Read more\" \/>\n<meta property=\"og:url\" content=\"https:\/\/www.magdalenasdelasheras.com\/en\/politica-de-cookies\/\" \/>\n<meta property=\"og:site_name\" content=\"Magdalenas de las Heras\" \/>\n<meta property=\"article:modified_time\" content=\"2021-11-12T14:33:59+00:00\" \/>\n<meta name=\"twitter:card\" content=\"summary_large_image\" \/>\n<meta name=\"twitter:label1\" content=\"Est. reading time\" \/>\n\t<meta name=\"twitter:data1\" content=\"6 minutes\" \/>\n<script type=\"application\/ld+json\" class=\"yoast-schema-graph\">{\"@context\":\"https:\\\/\\\/schema.org\",\"@graph\":[{\"@type\":\"WebPage\",\"@id\":\"https:\\\/\\\/www.magdalenasdelasheras.com\\\/en\\\/politica-de-cookies\\\/\",\"url\":\"https:\\\/\\\/www.magdalenasdelasheras.com\\\/en\\\/politica-de-cookies\\\/\",\"name\":\"Cookies Policy - Magdalenas de las Heras\",\"isPartOf\":{\"@id\":\"https:\\\/\\\/www.magdalenasdelasheras.com\\\/en\\\/#website\"},\"datePublished\":\"2021-10-14T09:01:15+00:00\",\"dateModified\":\"2021-11-12T14:33:59+00:00\",\"breadcrumb\":{\"@id\":\"https:\\\/\\\/www.magdalenasdelasheras.com\\\/en\\\/politica-de-cookies\\\/#breadcrumb\"},\"inLanguage\":\"en-US\",\"potentialAction\":[{\"@type\":\"ReadAction\",\"target\":[\"https:\\\/\\\/www.magdalenasdelasheras.com\\\/en\\\/politica-de-cookies\\\/\"]}]},{\"@type\":\"BreadcrumbList\",\"@id\":\"https:\\\/\\\/www.magdalenasdelasheras.com\\\/en\\\/politica-de-cookies\\\/#breadcrumb\",\"itemListElement\":[{\"@type\":\"ListItem\",\"position\":1,\"name\":\"Portada\",\"item\":\"https:\\\/\\\/www.magdalenasdelasheras.com\\\/en\\\/\"},{\"@type\":\"ListItem\",\"position\":2,\"name\":\"Cookies Policy\"}]},{\"@type\":\"WebSite\",\"@id\":\"https:\\\/\\\/www.magdalenasdelasheras.com\\\/en\\\/#website\",\"url\":\"https:\\\/\\\/www.magdalenasdelasheras.com\\\/en\\\/\",\"name\":\"Magdalenas de las Heras\",\"description\":\"Elaboraci\u00f3n tradicional de magdalenas\",\"publisher\":{\"@id\":\"https:\\\/\\\/www.magdalenasdelasheras.com\\\/en\\\/#organization\"},\"potentialAction\":[{\"@type\":\"SearchAction\",\"target\":{\"@type\":\"EntryPoint\",\"urlTemplate\":\"https:\\\/\\\/www.magdalenasdelasheras.com\\\/en\\\/?s={search_term_string}\"},\"query-input\":{\"@type\":\"PropertyValueSpecification\",\"valueRequired\":true,\"valueName\":\"search_term_string\"}}],\"inLanguage\":\"en-US\"},{\"@type\":\"Organization\",\"@id\":\"https:\\\/\\\/www.magdalenasdelasheras.com\\\/en\\\/#organization\",\"name\":\"Magdalenas de las Heras\",\"url\":\"https:\\\/\\\/www.magdalenasdelasheras.com\\\/en\\\/\",\"logo\":{\"@type\":\"ImageObject\",\"inLanguage\":\"en-US\",\"@id\":\"https:\\\/\\\/www.magdalenasdelasheras.com\\\/en\\\/#\\\/schema\\\/logo\\\/image\\\/\",\"url\":\"https:\\\/\\\/www.magdalenasdelasheras.com\\\/wp-content\\\/uploads\\\/2021\\\/08\\\/delasheras.svg\",\"contentUrl\":\"https:\\\/\\\/www.magdalenasdelasheras.com\\\/wp-content\\\/uploads\\\/2021\\\/08\\\/delasheras.svg\",\"caption\":\"Magdalenas de las Heras\"},\"image\":{\"@id\":\"https:\\\/\\\/www.magdalenasdelasheras.com\\\/en\\\/#\\\/schema\\\/logo\\\/image\\\/\"}}]}<\/script>\n<!-- \/ Yoast SEO plugin. -->","yoast_head_json":{"title":"Cookies Policy - Magdalenas de las Heras","robots":{"index":"index","follow":"follow","max-snippet":"max-snippet:-1","max-image-preview":"max-image-preview:large","max-video-preview":"max-video-preview:-1"},"canonical":"https:\/\/www.magdalenasdelasheras.com\/en\/politica-de-cookies\/","og_locale":"en_US","og_type":"article","og_title":"Cookies Policy - Magdalenas de las Heras","og_description":"Debido a la entrada en vigor de la referente modificaci\u00f3n de la \u00abLey de Servicios de la Sociedad de la Informaci\u00f3n\u00bb (LSSICE) establecida por el Real Decreto 13\/2012, es de obligaci\u00f3n obtener el consentimiento expreso del usuario de todas las p\u00e1ginas web que usan cookies prescindibles, antes de que este navegue por ellas. \u00bfQU\u00c9 SON ... Read more","og_url":"https:\/\/www.magdalenasdelasheras.com\/en\/politica-de-cookies\/","og_site_name":"Magdalenas de las Heras","article_modified_time":"2021-11-12T14:33:59+00:00","twitter_card":"summary_large_image","twitter_misc":{"Est. reading time":"6 minutes"},"schema":{"@context":"https:\/\/schema.org","@graph":[{"@type":"WebPage","@id":"https:\/\/www.magdalenasdelasheras.com\/en\/politica-de-cookies\/","url":"https:\/\/www.magdalenasdelasheras.com\/en\/politica-de-cookies\/","name":"Cookies Policy - Magdalenas de las Heras","isPartOf":{"@id":"https:\/\/www.magdalenasdelasheras.com\/en\/#website"},"datePublished":"2021-10-14T09:01:15+00:00","dateModified":"2021-11-12T14:33:59+00:00","breadcrumb":{"@id":"https:\/\/www.magdalenasdelasheras.com\/en\/politica-de-cookies\/#breadcrumb"},"inLanguage":"en-US","potentialAction":[{"@type":"ReadAction","target":["https:\/\/www.magdalenasdelasheras.com\/en\/politica-de-cookies\/"]}]},{"@type":"BreadcrumbList","@id":"https:\/\/www.magdalenasdelasheras.com\/en\/politica-de-cookies\/#breadcrumb","itemListElement":[{"@type":"ListItem","position":1,"name":"Portada","item":"https:\/\/www.magdalenasdelasheras.com\/en\/"},{"@type":"ListItem","position":2,"name":"Cookies Policy"}]},{"@type":"WebSite","@id":"https:\/\/www.magdalenasdelasheras.com\/en\/#website","url":"https:\/\/www.magdalenasdelasheras.com\/en\/","name":"Magdalenas de las Heras","description":"Elaboraci\u00f3n tradicional de magdalenas","publisher":{"@id":"https:\/\/www.magdalenasdelasheras.com\/en\/#organization"},"potentialAction":[{"@type":"SearchAction","target":{"@type":"EntryPoint","urlTemplate":"https:\/\/www.magdalenasdelasheras.com\/en\/?s={search_term_string}"},"query-input":{"@type":"PropertyValueSpecification","valueRequired":true,"valueName":"search_term_string"}}],"inLanguage":"en-US"},{"@type":"Organization","@id":"https:\/\/www.magdalenasdelasheras.com\/en\/#organization","name":"Magdalenas de las Heras","url":"https:\/\/www.magdalenasdelasheras.com\/en\/","logo":{"@type":"ImageObject","inLanguage":"en-US","@id":"https:\/\/www.magdalenasdelasheras.com\/en\/#\/schema\/logo\/image\/","url":"https:\/\/www.magdalenasdelasheras.com\/wp-content\/uploads\/2021\/08\/delasheras.svg","contentUrl":"https:\/\/www.magdalenasdelasheras.com\/wp-content\/uploads\/2021\/08\/delasheras.svg","caption":"Magdalenas de las Heras"},"image":{"@id":"https:\/\/www.magdalenasdelasheras.com\/en\/#\/schema\/logo\/image\/"}}]}},"_links":{"self":[{"href":"https:\/\/www.magdalenasdelasheras.com\/en\/wp-json\/wp\/v2\/pages\/551","targetHints":{"allow":["GET"]}}],"collection":[{"href":"https:\/\/www.magdalenasdelasheras.com\/en\/wp-json\/wp\/v2\/pages"}],"about":[{"href":"https:\/\/www.magdalenasdelasheras.com\/en\/wp-json\/wp\/v2\/types\/page"}],"author":[{"embeddable":true,"href":"https:\/\/www.magdalenasdelasheras.com\/en\/wp-json\/wp\/v2\/users\/1"}],"replies":[{"embeddable":true,"href":"https:\/\/www.magdalenasdelasheras.com\/en\/wp-json\/wp\/v2\/comments?post=551"}],"version-history":[{"count":2,"href":"https:\/\/www.magdalenasdelasheras.com\/en\/wp-json\/wp\/v2\/pages\/551\/revisions"}],"predecessor-version":[{"id":606,"href":"https:\/\/www.magdalenasdelasheras.com\/en\/wp-json\/wp\/v2\/pages\/551\/revisions\/606"}],"wp:attachment":[{"href":"https:\/\/www.magdalenasdelasheras.com\/en\/wp-json\/wp\/v2\/media?parent=551"}],"curies":[{"name":"wp","href":"https:\/\/api.w.org\/{rel}","templated":true}]}}